{"id":687,"date":"2019-03-25T14:30:56","date_gmt":"2019-03-25T17:30:56","guid":{"rendered":"http:\/\/ilofeudo.ar\/?page_id=687"},"modified":"2019-03-25T14:43:31","modified_gmt":"2019-03-25T17:43:31","slug":"redes-sociales","status":"publish","type":"page","link":"https:\/\/ilofeudo.ar\/index.php\/redes-sociales\/","title":{"rendered":"REDES SOCIALES"},"content":{"rendered":"<h2 style=\"text-align: center;\"><span style=\"font-family: tahoma, arial, helvetica, sans-serif;\"><strong>CONFLICTOS LEGALES EN REDES SOCIALES<\/strong><\/span><\/h2>\n<p><span style=\"font-family: tahoma, arial, helvetica, sans-serif;\"><img loading=\"lazy\" decoding=\"async\" class=\"size-full wp-image-688 aligncenter\" src=\"http:\/\/ilofeudo.ar\/wp-content\/uploads\/2019\/03\/buscar-redes-sociales.jpg\" alt=\"\" width=\"500\" height=\"375\" srcset=\"https:\/\/ilofeudo.ar\/wp-content\/uploads\/2019\/03\/buscar-redes-sociales.jpg 500w, https:\/\/ilofeudo.ar\/wp-content\/uploads\/2019\/03\/buscar-redes-sociales-300x225.jpg 300w, https:\/\/ilofeudo.ar\/wp-content\/uploads\/2019\/03\/buscar-redes-sociales-400x300.jpg 400w\" sizes=\"auto, (max-width: 500px) 100vw, 500px\" \/><\/span><\/p>\n<p>&nbsp;<\/p>\n<p><span style=\"font-family: tahoma, arial, helvetica, sans-serif;\">Nuestra vida digital se plasma hoy en las redes sociales. En ellas se exponen habitualmente distinto tipo de experiencias.<\/span><\/p>\n<p><strong><span style=\"font-family: tahoma, arial, helvetica, sans-serif;\">Brindamos asesoramiento e intervenimos en casos de:<\/span><\/strong><\/p>\n<ul>\n<li>\n<h3><span style=\"font-family: tahoma, arial, helvetica, sans-serif;\"><strong>Difamaci\u00f3n por redes sociales (calumnias o injurias)<\/strong><\/span><\/h3>\n<\/li>\n<li>\n<h3><span style=\"font-family: tahoma, arial, helvetica, sans-serif;\"><strong>Violaci\u00f3n de derechos de autor<\/strong><\/span><\/h3>\n<\/li>\n<li>\n<h3><b style=\"font-family: tahoma, arial, helvetica, sans-serif; font-size: 1rem;\">Extorsiones<\/b><\/h3>\n<\/li>\n<li>\n<h3><strong style=\"font-family: tahoma, arial, helvetica, sans-serif; font-size: 1rem;\">Grooming<\/strong><\/h3>\n<\/li>\n<li>\n<h3><strong style=\"font-family: tahoma, arial, helvetica, sans-serif; font-size: 1rem;\">Acoso virtual<\/strong><\/h3>\n<\/li>\n<li>\n<h3><strong style=\"font-family: tahoma, arial, helvetica, sans-serif; font-size: 1rem;\">Usurpaci\u00f3n de identidad, o uso de datos personales sin autorizaci\u00f3n<\/strong><\/h3>\n<\/li>\n<\/ul>\n<div class=\"panel-pane pane-texto\">\n<div class=\"pane-content\">\n<div class=\"\">\n<p>&nbsp;<\/p>\n<p><span style=\"font-family: tahoma, arial, helvetica, sans-serif;\">No dude es realizar su consulta y solicitar presupuestos utilizando el <strong>formulario de contacto disponible en el sitio.<\/strong><\/span><\/p>\n<\/div>\n<\/div>\n<\/div>\n","protected":false},"excerpt":{"rendered":"<p>CONFLICTOS LEGALES EN REDES SOCIALES &nbsp; Nuestra vida digital se plasma hoy en las redes sociales. En ellas se exponen habitualmente distinto tipo de experiencias. Brindamos asesoramiento e intervenimos en casos de: Difamaci\u00f3n por redes sociales (calumnias o injurias) Violaci\u00f3n de derechos de autor Extorsiones Grooming Acoso virtual Usurpaci\u00f3n de identidad, o uso de datos personales sin autorizaci\u00f3n &nbsp; No dude es realizar su consulta y solicitar presupuestos utilizando<\/p>\n<p><a class=\"more-link\" href=\"https:\/\/ilofeudo.ar\/index.php\/redes-sociales\/\">Read More<\/a><\/p>\n","protected":false},"author":1,"featured_media":0,"parent":0,"menu_order":0,"comment_status":"closed","ping_status":"closed","template":"","meta":{"_exactmetrics_skip_tracking":false,"_exactmetrics_sitenote_active":false,"_exactmetrics_sitenote_note":"","_exactmetrics_sitenote_category":0,"footnotes":""},"class_list":["post-687","page","type-page","status-publish","hentry"],"_links":{"self":[{"href":"https:\/\/ilofeudo.ar\/index.php\/wp-json\/wp\/v2\/pages\/687","targetHints":{"allow":["GET"]}}],"collection":[{"href":"https:\/\/ilofeudo.ar\/index.php\/wp-json\/wp\/v2\/pages"}],"about":[{"href":"https:\/\/ilofeudo.ar\/index.php\/wp-json\/wp\/v2\/types\/page"}],"author":[{"embeddable":true,"href":"https:\/\/ilofeudo.ar\/index.php\/wp-json\/wp\/v2\/users\/1"}],"replies":[{"embeddable":true,"href":"https:\/\/ilofeudo.ar\/index.php\/wp-json\/wp\/v2\/comments?post=687"}],"version-history":[{"count":5,"href":"https:\/\/ilofeudo.ar\/index.php\/wp-json\/wp\/v2\/pages\/687\/revisions"}],"predecessor-version":[{"id":699,"href":"https:\/\/ilofeudo.ar\/index.php\/wp-json\/wp\/v2\/pages\/687\/revisions\/699"}],"wp:attachment":[{"href":"https:\/\/ilofeudo.ar\/index.php\/wp-json\/wp\/v2\/media?parent=687"}],"curies":[{"name":"wp","href":"https:\/\/api.w.org\/{rel}","templated":true}]}}