{"id":682,"date":"2019-03-25T14:11:07","date_gmt":"2019-03-25T17:11:07","guid":{"rendered":"http:\/\/ilofeudo.ar\/?page_id=682"},"modified":"2019-03-25T14:45:15","modified_gmt":"2019-03-25T17:45:15","slug":"delitos-informaticos","status":"publish","type":"page","link":"https:\/\/ilofeudo.ar\/index.php\/delitos-informaticos\/","title":{"rendered":"DELITOS INFORM\u00c1TICOS"},"content":{"rendered":"<h1 style=\"text-align: center;\"><span style=\"font-family: tahoma, arial, helvetica, sans-serif;\"><strong>DELITOS INFORM\u00c1TICOS<\/strong><\/span><\/h1>\n<p><span style=\"font-family: tahoma, arial, helvetica, sans-serif;\"><img loading=\"lazy\" decoding=\"async\" class=\" wp-image-505 alignnone aligncenter\" src=\"http:\/\/ilofeudo.ar\/wp-content\/uploads\/2019\/03\/delito_XL.jpg\" alt=\"\" width=\"408\" height=\"303\" srcset=\"https:\/\/ilofeudo.ar\/wp-content\/uploads\/2019\/03\/delito_XL.jpg 870w, https:\/\/ilofeudo.ar\/wp-content\/uploads\/2019\/03\/delito_XL-600x446.jpg 600w, https:\/\/ilofeudo.ar\/wp-content\/uploads\/2019\/03\/delito_XL-300x223.jpg 300w, https:\/\/ilofeudo.ar\/wp-content\/uploads\/2019\/03\/delito_XL-768x570.jpg 768w, https:\/\/ilofeudo.ar\/wp-content\/uploads\/2019\/03\/delito_XL-800x594.jpg 800w\" sizes=\"auto, (max-width: 408px) 100vw, 408px\" \/><\/span><\/p>\n<p style=\"text-align: justify;\"><span style=\"font-family: tahoma, arial, helvetica, sans-serif;\">El auge de las tecnolog\u00edas no est\u00e1 exento de las actividades il\u00edcitas. Cada vez son mas comunes los casos de venganzas distribuyendo im\u00e1genes \u00edntimas, las violaciones de correspondencia, los hackeos de sistemas inform\u00e1ticos, entre otros.<\/span><\/p>\n<p style=\"text-align: justify;\"><span style=\"font-family: tahoma, arial, helvetica, sans-serif;\">Tambi\u00e9n ha cobrado enorme relevancia la prueba digital, para lo cual ofrecemos nuestros servicios de consultor\u00eda a profesionales que necesiten analizar puntos de pericia o probar hechos relacionados con sus causas.<\/span><\/p>\n<h3><span style=\"font-family: tahoma, arial, helvetica, sans-serif;\"><strong>Proveemos servicios jur\u00eddicos de consultor\u00eda y patrocinio en temas de:<\/strong><\/span><\/h3>\n<ul>\n<li>\n<h3><strong><span style=\"font-family: tahoma, arial, helvetica, sans-serif;\">Violaci\u00f3n de Casillas de correo<\/span><\/strong><\/h3>\n<\/li>\n<li>\n<h3><strong><span style=\"font-family: tahoma, arial, helvetica, sans-serif;\">Da\u00f1o inform\u00e1tico<\/span><\/strong><\/h3>\n<\/li>\n<li>\n<h3><strong><span style=\"font-family: tahoma, arial, helvetica, sans-serif;\">Ataques de Ransomware<\/span><\/strong><\/h3>\n<\/li>\n<li>\n<h3><strong><span style=\"font-family: tahoma, arial, helvetica, sans-serif;\">Incidentes de seguridad<\/span><\/strong><\/h3>\n<\/li>\n<li>\n<h3><strong><span style=\"font-family: tahoma, arial, helvetica, sans-serif;\">Acoso virtual.<\/span><\/strong><\/h3>\n<\/li>\n<li>\n<h3><strong><span style=\"font-family: tahoma, arial, helvetica, sans-serif;\">Violaci\u00f3n de derechos de autor.<\/span><\/strong><\/h3>\n<\/li>\n<li>\n<h3><strong><span style=\"font-family: tahoma, arial, helvetica, sans-serif;\">Distribuci\u00f3n de im\u00e1genes \u00edntimas.<\/span><\/strong><\/h3>\n<\/li>\n<li>\n<h3><strong><span style=\"font-family: tahoma, arial, helvetica, sans-serif;\">Amenazas online.<\/span><\/strong><\/h3>\n<\/li>\n<li>\n<h3><strong><span style=\"font-family: tahoma, arial, helvetica, sans-serif;\">Pericias inform\u00e1ticas.<\/span><\/strong><\/h3>\n<\/li>\n<li>\n<h3><strong><span style=\"font-family: tahoma, arial, helvetica, sans-serif;\">Consultor\u00eda en delitos inform\u00e1ticos para abogados. Asesoramos en materia de delitos inform\u00e1ticos de cualquier caso, con total discreci\u00f3n y reserve para que todo profesional pueda llevar Adelante de la mejor forma sus causas.<\/span><\/strong><\/h3>\n<\/li>\n<\/ul>\n<p>&nbsp;<\/p>\n<p><span style=\"font-family: tahoma, arial, helvetica, sans-serif;\"><strong>No dude en hacernos llegar su consulta o inquietud a trav\u00e9s de nuestro formulario de contacto.<\/strong><\/span><\/p>\n","protected":false},"excerpt":{"rendered":"<p>DELITOS INFORM\u00c1TICOS El auge de las tecnolog\u00edas no est\u00e1 exento de las actividades il\u00edcitas. Cada vez son mas comunes los casos de venganzas distribuyendo im\u00e1genes \u00edntimas, las violaciones de correspondencia, los hackeos de sistemas inform\u00e1ticos, entre otros. Tambi\u00e9n ha cobrado enorme relevancia la prueba digital, para lo cual ofrecemos nuestros servicios de consultor\u00eda a profesionales que necesiten analizar puntos de pericia o probar hechos relacionados con sus causas. Proveemos<\/p>\n<p><a class=\"more-link\" href=\"https:\/\/ilofeudo.ar\/index.php\/delitos-informaticos\/\">Read More<\/a><\/p>\n","protected":false},"author":1,"featured_media":0,"parent":0,"menu_order":0,"comment_status":"closed","ping_status":"closed","template":"","meta":{"_exactmetrics_skip_tracking":false,"_exactmetrics_sitenote_active":false,"_exactmetrics_sitenote_note":"","_exactmetrics_sitenote_category":0,"footnotes":""},"class_list":["post-682","page","type-page","status-publish","hentry"],"_links":{"self":[{"href":"https:\/\/ilofeudo.ar\/index.php\/wp-json\/wp\/v2\/pages\/682","targetHints":{"allow":["GET"]}}],"collection":[{"href":"https:\/\/ilofeudo.ar\/index.php\/wp-json\/wp\/v2\/pages"}],"about":[{"href":"https:\/\/ilofeudo.ar\/index.php\/wp-json\/wp\/v2\/types\/page"}],"author":[{"embeddable":true,"href":"https:\/\/ilofeudo.ar\/index.php\/wp-json\/wp\/v2\/users\/1"}],"replies":[{"embeddable":true,"href":"https:\/\/ilofeudo.ar\/index.php\/wp-json\/wp\/v2\/comments?post=682"}],"version-history":[{"count":4,"href":"https:\/\/ilofeudo.ar\/index.php\/wp-json\/wp\/v2\/pages\/682\/revisions"}],"predecessor-version":[{"id":700,"href":"https:\/\/ilofeudo.ar\/index.php\/wp-json\/wp\/v2\/pages\/682\/revisions\/700"}],"wp:attachment":[{"href":"https:\/\/ilofeudo.ar\/index.php\/wp-json\/wp\/v2\/media?parent=682"}],"curies":[{"name":"wp","href":"https:\/\/api.w.org\/{rel}","templated":true}]}}