{"id":677,"date":"2019-03-25T13:56:00","date_gmt":"2019-03-25T16:56:00","guid":{"rendered":"http:\/\/ilofeudo.ar\/?page_id=677"},"modified":"2019-03-25T14:51:40","modified_gmt":"2019-03-25T17:51:40","slug":"proteccion-de-datos-personales","status":"publish","type":"page","link":"https:\/\/ilofeudo.ar\/index.php\/proteccion-de-datos-personales\/","title":{"rendered":"PROTECCI\u00d3N DE DATOS PERSONALES"},"content":{"rendered":"<h1 class=\"entry-title\" style=\"text-align: center;\"><span style=\"font-family: tahoma, arial, helvetica, sans-serif;\"><strong>PROTECCI\u00d3N DE DATOS PERSONALES<\/strong><\/span><\/h1>\n<div class=\"panel-pane pane-titulo\">\n<div class=\"pane-content\">\n<h1 class=\"activities-sidbar\"><span style=\"font-family: tahoma, arial, helvetica, sans-serif;\"><img loading=\"lazy\" decoding=\"async\" class=\"aligncenter  wp-image-556\" src=\"http:\/\/ilofeudo.ar\/wp-content\/uploads\/2019\/03\/1_Vorqev0KagKc-Z9dITCo1Q.jpeg\" sizes=\"auto, (max-width: 908px) 100vw, 908px\" srcset=\"https:\/\/ilofeudo.ar\/wp-content\/uploads\/2019\/03\/1_Vorqev0KagKc-Z9dITCo1Q.jpeg 908w, https:\/\/ilofeudo.ar\/wp-content\/uploads\/2019\/03\/1_Vorqev0KagKc-Z9dITCo1Q-300x149.jpeg 300w, https:\/\/ilofeudo.ar\/wp-content\/uploads\/2019\/03\/1_Vorqev0KagKc-Z9dITCo1Q-768x381.jpeg 768w, https:\/\/ilofeudo.ar\/wp-content\/uploads\/2019\/03\/1_Vorqev0KagKc-Z9dITCo1Q-800x396.jpeg 800w\" alt=\"\" width=\"316\" height=\"157\" \/>En Argentina, la protecci\u00f3n de datos est\u00e1 regulada por la ley 25.326<\/span><\/h1>\n<\/div>\n<p style=\"text-align: justify;\"><span style=\"font-family: tahoma, arial, helvetica, sans-serif;\">Los\u00a0<strong>Datos personales<\/strong>\u00a0son Informaci\u00f3n de cualquier tipo referida a personas f\u00edsicas o de existencia ideal determinadas o determinables.<\/span><br \/>\n<span style=\"font-family: tahoma, arial, helvetica, sans-serif;\">Por otro lado, los\u00a0<strong>Datos sensible<\/strong>s son datos personales que revelan origen racial y \u00e9tnico, opiniones pol\u00edticas, convicciones religiosas, filos\u00f3ficas o morales, afiliaci\u00f3n sindical e informaci\u00f3n referente a la salud o a la vida sexual.<\/span><\/p>\n<p style=\"text-align: justify;\"><span style=\"font-family: tahoma, arial, helvetica, sans-serif;\">Los particulares tienen derechos garantizados por la Ley para proteger su informaci\u00f3n personal, y a trav\u00e9s de los mismos puede rectificarse, suprimirse, o ratificar la misma.<\/span><\/p>\n<p style=\"text-align: justify;\"><span style=\"font-family: tahoma, arial, helvetica, sans-serif;\"><span style=\"font-family: tahoma, arial, helvetica, sans-serif;\">Por otro lado,<\/span><strong style=\"font-family: tahoma, arial, helvetica, sans-serif;\">\u00a0l<\/strong><b style=\"font-family: tahoma, arial, helvetica, sans-serif;\">os archivos y bases de datos p\u00fablicos y privados destinados a dar informes deben estar <\/b><span style=\"font-family: tahoma, arial, helvetica, sans-serif;\"><b>inscritos<\/b><\/span><b style=\"font-family: tahoma, arial, helvetica, sans-serif;\"> en el Registro Nacional de Bases de Datos Personales<\/b><span style=\"font-family: tahoma, arial, helvetica, sans-serif;\">. Incumplir con esta obligaci\u00f3n puede ocasionar sanciones.<\/span><\/span><\/p>\n<p style=\"text-align: justify;\"><span style=\"font-family: tahoma, arial, helvetica, sans-serif;\"><strong>Las bases de datos personales deben garantizar la seguridad y confidencialidad de los datos personales<\/strong>, para ello deben adoptarse determinadas medidas t\u00e9cnicas y organizativas.<\/span><\/p>\n<\/div>\n<p style=\"text-align: justify;\"><span style=\"font-family: tahoma, arial, helvetica, sans-serif;\">Si su empresa posee clientes europeos, le ser\u00e1 aplicable el RGPD de la UE, consulte sobre el impacto que el mismo tiene en su industria, o en los servicios que ofrece a clientes fuera de Argentina.<\/span><\/p>\n<div class=\"panel-pane pane-texto\">\n<div class=\"pane-content\">\n<div class=\"\">\n<h3><strong><span style=\"font-family: tahoma, arial, helvetica, sans-serif;\">Ofrecemos servicios de:<\/span><\/strong><\/h3>\n<ul>\n<li>\n<h3><strong><span style=\"font-family: tahoma, arial, helvetica, sans-serif;\">Inscripci\u00f3n de Bases de Datos<\/span><\/strong><\/h3>\n<\/li>\n<li>\n<h3><strong><span style=\"font-family: tahoma, arial, helvetica, sans-serif;\">Reclamos sobre datos personales<\/span><\/strong><\/h3>\n<\/li>\n<li>\n<h3><strong><span style=\"font-family: tahoma, arial, helvetica, sans-serif;\">An\u00e1lisis y evaluaci\u00f3n del impacto que el Reglamento General de Protecci\u00f3n de Datos Personales de la Uni\u00f3n Europea tiene en sus servicios o en su empresa.<\/span><\/strong><\/h3>\n<\/li>\n<li>\n<h3><strong><span style=\"font-family: tahoma, arial, helvetica, sans-serif;\">Delegado de Protecci\u00f3n de Datos Personales<\/span><\/strong><\/h3>\n<\/li>\n<\/ul>\n<p><span style=\"font-family: tahoma, arial, helvetica, sans-serif;\">No dude es realizar su consulta y solicitar presupuestos utilizando el formulario de contacto disponible en el sitio.<\/span><\/p>\n<\/div>\n<\/div>\n<\/div>\n","protected":false},"excerpt":{"rendered":"<p>PROTECCI\u00d3N DE DATOS PERSONALES En Argentina, la protecci\u00f3n de datos est\u00e1 regulada por la ley 25.326 Los\u00a0Datos personales\u00a0son Informaci\u00f3n de cualquier tipo referida a personas f\u00edsicas o de existencia ideal determinadas o determinables. Por otro lado, los\u00a0Datos sensibles son datos personales que revelan origen racial y \u00e9tnico, opiniones pol\u00edticas, convicciones religiosas, filos\u00f3ficas o morales, afiliaci\u00f3n sindical e informaci\u00f3n referente a la salud o a la vida sexual. Los particulares<\/p>\n<p><a class=\"more-link\" href=\"https:\/\/ilofeudo.ar\/index.php\/proteccion-de-datos-personales\/\">Read More<\/a><\/p>\n","protected":false},"author":1,"featured_media":0,"parent":0,"menu_order":0,"comment_status":"closed","ping_status":"closed","template":"","meta":{"_exactmetrics_skip_tracking":false,"_exactmetrics_sitenote_active":false,"_exactmetrics_sitenote_note":"","_exactmetrics_sitenote_category":0,"footnotes":""},"class_list":["post-677","page","type-page","status-publish","hentry"],"_links":{"self":[{"href":"https:\/\/ilofeudo.ar\/index.php\/wp-json\/wp\/v2\/pages\/677","targetHints":{"allow":["GET"]}}],"collection":[{"href":"https:\/\/ilofeudo.ar\/index.php\/wp-json\/wp\/v2\/pages"}],"about":[{"href":"https:\/\/ilofeudo.ar\/index.php\/wp-json\/wp\/v2\/types\/page"}],"author":[{"embeddable":true,"href":"https:\/\/ilofeudo.ar\/index.php\/wp-json\/wp\/v2\/users\/1"}],"replies":[{"embeddable":true,"href":"https:\/\/ilofeudo.ar\/index.php\/wp-json\/wp\/v2\/comments?post=677"}],"version-history":[{"count":3,"href":"https:\/\/ilofeudo.ar\/index.php\/wp-json\/wp\/v2\/pages\/677\/revisions"}],"predecessor-version":[{"id":703,"href":"https:\/\/ilofeudo.ar\/index.php\/wp-json\/wp\/v2\/pages\/677\/revisions\/703"}],"wp:attachment":[{"href":"https:\/\/ilofeudo.ar\/index.php\/wp-json\/wp\/v2\/media?parent=677"}],"curies":[{"name":"wp","href":"https:\/\/api.w.org\/{rel}","templated":true}]}}