{"id":673,"date":"2019-03-25T13:42:40","date_gmt":"2019-03-25T16:42:40","guid":{"rendered":"http:\/\/ilofeudo.ar\/?page_id=673"},"modified":"2019-03-25T14:50:56","modified_gmt":"2019-03-25T17:50:56","slug":"comercio-electronico","status":"publish","type":"page","link":"https:\/\/ilofeudo.ar\/index.php\/comercio-electronico\/","title":{"rendered":"COMERCIO ELECTR\u00d3NICO"},"content":{"rendered":"<h1 style=\"text-align: center;\"><span style=\"font-family: tahoma, arial, helvetica, sans-serif;\"><b>COMERCIO ELECTR\u00d3NICO<img loading=\"lazy\" decoding=\"async\" class=\"aligncenter size-full wp-image-485\" src=\"http:\/\/ilofeudo.ar\/wp-content\/uploads\/2019\/03\/59a939519394a_1004x565.jpg\" sizes=\"auto, (max-width: 1004px) 100vw, 1004px\" srcset=\"https:\/\/ilofeudo.ar\/wp-content\/uploads\/2019\/03\/59a939519394a_1004x565.jpg 1004w, https:\/\/ilofeudo.ar\/wp-content\/uploads\/2019\/03\/59a939519394a_1004x565-300x169.jpg 300w, https:\/\/ilofeudo.ar\/wp-content\/uploads\/2019\/03\/59a939519394a_1004x565-768x432.jpg 768w, https:\/\/ilofeudo.ar\/wp-content\/uploads\/2019\/03\/59a939519394a_1004x565-800x450.jpg 800w\" alt=\"\" width=\"1004\" height=\"565\" \/><\/b><\/span><\/h1>\n<h3><span style=\"font-family: tahoma, arial, helvetica, sans-serif;\"><b>Seg\u00fan el reciente informe de la\u00a0<\/b><a class=\"customize-unpreviewable\" href=\"https:\/\/www.cace.org.ar\/\">C\u00e1mara Argentina de Comercio Electr\u00f3nico<\/a><b>, la venta a trav\u00e9s de Internet creci\u00f3 un 52% en el ultimo a\u00f1o en Argentina.<\/b><\/span><\/h3>\n<p style=\"text-align: justify;\"><span style=\"font-family: tahoma, arial, helvetica, sans-serif;\"><img loading=\"lazy\" decoding=\"async\" class=\"size-full wp-image-518 alignnone\" src=\"http:\/\/ilofeudo.ar\/wp-content\/uploads\/2019\/03\/Screenshot_20190228-184426.png\" sizes=\"auto, (max-width: 2058px) 100vw, 2058px\" srcset=\"https:\/\/ilofeudo.ar\/wp-content\/uploads\/2019\/03\/Screenshot_20190228-184426.png 2058w, https:\/\/ilofeudo.ar\/wp-content\/uploads\/2019\/03\/Screenshot_20190228-184426-300x151.png 300w, https:\/\/ilofeudo.ar\/wp-content\/uploads\/2019\/03\/Screenshot_20190228-184426-768x387.png 768w, https:\/\/ilofeudo.ar\/wp-content\/uploads\/2019\/03\/Screenshot_20190228-184426-800x403.png 800w\" alt=\"\" width=\"2058\" height=\"1038\" \/><\/span><\/p>\n<p style=\"text-align: justify;\"><span style=\"font-family: tahoma, arial, helvetica, sans-serif;\">Mas del 90% de los argentinos ya compr\u00f3 a trav\u00e9s de Internet.<\/span><\/p>\n<h4 style=\"text-align: justify;\"><span style=\"font-family: tahoma, arial, helvetica, sans-serif;\">Pero no todas son buenas noticias.<\/span><\/h4>\n<p style=\"text-align: justify;\"><span style=\"font-family: tahoma, arial, helvetica, sans-serif;\">En este nuevo ecosistema\u00a0abundan las estafas, los incumplimientos de contratos, y los problemas de \u00edndole jur\u00eddica.<\/span><\/p>\n<h3><\/h3>\n<h3 style=\"text-align: justify;\"><strong><span style=\"font-family: tahoma, arial, helvetica, sans-serif;\">Ofrecemos servicio de asesoramiento sobre todos los aspectos jur\u00eddicos que rodean a la contrataci\u00f3n inform\u00e1tica.<\/span><\/strong><\/h3>\n<ul>\n<li>\n<h3><strong><span style=\"font-family: tahoma, arial, helvetica, sans-serif;\">Instrumentaci\u00f3n integral de de contratos. Desde su negociaci\u00f3n inicial hasta su conclusi\u00f3n definitiva<\/span><\/strong><\/h3>\n<\/li>\n<li>\n<h3><strong><span style=\"font-family: tahoma, arial, helvetica, sans-serif;\">Firma digital<\/span><\/strong><\/h3>\n<\/li>\n<li>\n<h3><strong><span style=\"font-family: tahoma, arial, helvetica, sans-serif;\">Cl\u00e1usulas de uso de tecnolog\u00edas<\/span><\/strong><\/h3>\n<\/li>\n<li>\n<h3><strong><span style=\"font-family: tahoma, arial, helvetica, sans-serif;\">Contratos de confidencialidad<\/span><\/strong><\/h3>\n<\/li>\n<li>\n<h3><strong><span style=\"font-family: tahoma, arial, helvetica, sans-serif;\">Tributaci\u00f3n en Econom\u00eda Digital \u2013 Impuestos a los servicios digitales<\/span><\/strong><\/h3>\n<\/li>\n<li>\n<h3><strong><span style=\"font-family: tahoma, arial, helvetica, sans-serif;\">Contratos sobre software<\/span><\/strong><\/h3>\n<\/li>\n<li>\n<h3><strong><span style=\"font-family: tahoma, arial, helvetica, sans-serif;\">Fideicomisos de software para su venta<\/span><\/strong><\/h3>\n<\/li>\n<li>\n<h3><strong><span style=\"font-family: tahoma, arial, helvetica, sans-serif;\">Protecci\u00f3n de datos personales<\/span><\/strong><\/h3>\n<\/li>\n<li>\n<h3><strong><span style=\"font-family: tahoma, arial, helvetica, sans-serif;\">An\u00e1lisis de contratos en ejecuci\u00f3n<\/span><\/strong><\/h3>\n<\/li>\n<li>\n<h3><strong><span style=\"font-family: tahoma, arial, helvetica, sans-serif;\">Inscripci\u00f3n en la Direcci\u00f3n Nacional de Derechos de Autor<\/span><\/strong><\/h3>\n<\/li>\n<li>\n<h3><strong><span style=\"font-family: tahoma, arial, helvetica, sans-serif;\">Defensa del consumidor<\/span><\/strong><\/h3>\n<\/li>\n<li>\n<h3><strong><span style=\"font-family: tahoma, arial, helvetica, sans-serif;\">Prueba digital<\/span><\/strong><\/h3>\n<\/li>\n<li>\n<h3><strong><span style=\"font-family: tahoma, arial, helvetica, sans-serif;\">Demandas de da\u00f1os<\/span><\/strong><\/h3>\n<\/li>\n<\/ul>\n<p>&nbsp;<\/p>\n<p><span style=\"font-family: tahoma, arial, helvetica, sans-serif;\"><strong>Utilice el formulario de consulta para hacernos llegar su necesidad o cualquier inquietud sobre la tem\u00e1tica<\/strong>.<\/span><\/p>\n","protected":false},"excerpt":{"rendered":"<p>COMERCIO ELECTR\u00d3NICO Seg\u00fan el reciente informe de la\u00a0C\u00e1mara Argentina de Comercio Electr\u00f3nico, la venta a trav\u00e9s de Internet creci\u00f3 un 52% en el ultimo a\u00f1o en Argentina. Mas del 90% de los argentinos ya compr\u00f3 a trav\u00e9s de Internet. Pero no todas son buenas noticias. En este nuevo ecosistema\u00a0abundan las estafas, los incumplimientos de contratos, y los problemas de \u00edndole jur\u00eddica. Ofrecemos servicio de asesoramiento sobre todos los aspectos<\/p>\n<p><a class=\"more-link\" href=\"https:\/\/ilofeudo.ar\/index.php\/comercio-electronico\/\">Read More<\/a><\/p>\n","protected":false},"author":1,"featured_media":0,"parent":0,"menu_order":0,"comment_status":"closed","ping_status":"closed","template":"","meta":{"_exactmetrics_skip_tracking":false,"_exactmetrics_sitenote_active":false,"_exactmetrics_sitenote_note":"","_exactmetrics_sitenote_category":0,"footnotes":""},"class_list":["post-673","page","type-page","status-publish","hentry"],"_links":{"self":[{"href":"https:\/\/ilofeudo.ar\/index.php\/wp-json\/wp\/v2\/pages\/673","targetHints":{"allow":["GET"]}}],"collection":[{"href":"https:\/\/ilofeudo.ar\/index.php\/wp-json\/wp\/v2\/pages"}],"about":[{"href":"https:\/\/ilofeudo.ar\/index.php\/wp-json\/wp\/v2\/types\/page"}],"author":[{"embeddable":true,"href":"https:\/\/ilofeudo.ar\/index.php\/wp-json\/wp\/v2\/users\/1"}],"replies":[{"embeddable":true,"href":"https:\/\/ilofeudo.ar\/index.php\/wp-json\/wp\/v2\/comments?post=673"}],"version-history":[{"count":5,"href":"https:\/\/ilofeudo.ar\/index.php\/wp-json\/wp\/v2\/pages\/673\/revisions"}],"predecessor-version":[{"id":702,"href":"https:\/\/ilofeudo.ar\/index.php\/wp-json\/wp\/v2\/pages\/673\/revisions\/702"}],"wp:attachment":[{"href":"https:\/\/ilofeudo.ar\/index.php\/wp-json\/wp\/v2\/media?parent=673"}],"curies":[{"name":"wp","href":"https:\/\/api.w.org\/{rel}","templated":true}]}}